{"id":4883,"date":"2025-10-13T00:31:59","date_gmt":"2025-10-12T22:31:59","guid":{"rendered":"https:\/\/gitesentredeuxrivieres.com\/?page_id=4883"},"modified":"2026-01-13T21:07:04","modified_gmt":"2026-01-13T20:07:04","slug":"nos-conditions-generales","status":"publish","type":"page","link":"https:\/\/gitesentredeuxrivieres.com\/index.php\/nos-conditions-generales\/","title":{"rendered":"Nos conditions g\u00e9n\u00e9rales"},"content":{"rendered":"\t\t<div data-elementor-type=\"wp-page\" data-elementor-id=\"4883\" class=\"elementor elementor-4883\">\n\t\t\t\t<div class=\"elementor-element elementor-element-d61d6e0 e-flex e-con-boxed wpr-particle-no wpr-jarallax-no wpr-parallax-no wpr-sticky-section-no e-con e-parent\" data-id=\"d61d6e0\" data-element_type=\"container\">\n\t\t\t\t\t<div class=\"e-con-inner\">\n\t\t\t\t<div class=\"elementor-element elementor-element-43b5fdb elementor-widget elementor-widget-text-editor\" data-id=\"43b5fdb\" data-element_type=\"widget\" data-widget_type=\"text-editor.default\">\n\t\t\t\t<div class=\"elementor-widget-container\">\n\t\t\t\t\t\t\t\t\t<h2>Horaires d&rsquo;arriv\u00e9e<\/h2><p>Le g\u00eete sera pr\u00eat pour 15H00 pour votre arriv\u00e9e. En cas de force majeure (suite \u00e0 une pr\u00e9paration plus cons\u00e9quente du logement suite \u00e0 un m\u00e9nage renforc\u00e9, nous vous inviterons \u00e0 d\u00e9poser vos bagages dans le g\u00eete et nous ferons au plus vite pour que vous puissiez en profiter.<\/p><h2 style=\"font-variant-ligatures: normal; font-variant-caps: normal; font-style: normal;\">Horaires de d\u00e9part<\/h2><p>Le g\u00eete sera lib\u00e9r\u00e9 pour 10H00 afin qu&rsquo;il puisse \u00eatre pr\u00e9par\u00e9 pour de nouveaux voyageurs. Si le g\u00eete n&rsquo;\u00e9tait pas relou\u00e9 le jour m\u00eame, nous serons heureux de vous permettre d&rsquo;y rester jusqu&rsquo;\u00e0 10H30-11H00.<\/p><h2 style=\"font-variant-ligatures: normal; font-variant-caps: normal; font-style: normal;\">Inventaire<\/h2><p>Les photos visibles sur ce site sont le reflet de nos g\u00eetes en termes de d\u00e9coration et d&rsquo;\u00e9quipement au moment de votre s\u00e9jour. Tout objet manquant ou cass\u00e9 au moment de votre d\u00e9part sera retenu sur la caution.<\/p><h2 style=\"font-variant-ligatures: normal; font-variant-caps: normal; font-style: normal;\">A votre arriv\u00e9e<\/h2><p><span style=\"font-family: Roboto; font-size: 16px; font-style: normal; font-variant-ligatures: normal; font-variant-caps: normal; font-weight: 400;\">Si nous ne nous rencontrions pas lors de votre arriv\u00e9e et que vous entriez dans le logement gr\u00e2ce \u00e0 la boite \u00e0 cl\u00e9s, merci de nous pr\u00e9venir de votre arriv\u00e9e par un texto ou un message what&rsquo;s app.\u00a0<\/span><\/p><h2 style=\"font-variant-ligatures: normal; font-variant-caps: normal; font-style: normal;\">Nous contacter<\/h2><p>Si malgr\u00e9 toute l&rsquo;attention que nous portons \u00e0 nos logements en termes d&rsquo;\u00e9quipement et de propret\u00e9, vous constatiez un probl\u00e8me dans le logement au moment de votre arriv\u00e9e, nous vous remercions de revenir vers nous par t\u00e9l\u00e9phone, texto ou what&rsquo;s app dans les 24 H suivant votre arriv\u00e9e afin de nous tenir inform\u00e9s et que nous puissions r\u00e9soudre cette difficult\u00e9. Le s\u00e9jour fini, aucune remise sur le s\u00e9jour ne sera octroy\u00e9e pour tout souci que aurions pu r\u00e9soudre pendant votre s\u00e9jour.\u00a0<\/p><h2 style=\"font-variant-ligatures: normal; font-variant-caps: normal; font-style: normal;\">Literie<\/h2><p><span style=\"font-size: 16px;\">L<\/span>es lits seront pr\u00e9par\u00e9s selon le nombre indiqu\u00e9 lors de votre r\u00e9servation. Si vous \u00e9tiez plus nombreux au moment de votre arriv\u00e9e, nous vous remercions de nous l&rsquo;indiquer et de nous r\u00e9gler le suppl\u00e9ment selon notre tarification disponible sur notre site.<br \/>La literie (matelas, oreillers) ne doit en aucun cas \u00eatre utilis\u00e9e sans protections de matelas ni sans draps. Cas contraire et en cas de d\u00e9t\u00e9rioration de la literie, nous nous r\u00e9servons la possibilit\u00e9 d&rsquo;utiliser la caution partielle ou totale selon les cas.<\/p><h2 style=\"font-variant-ligatures: normal; font-variant-caps: normal; font-style: normal;\">Stationnement<\/h2><p>Le jardin des mouettes : Merci de vous garer \u00e0 l\u2019une des deux places devant le jardin ou plus loin dans la rue ou sur la place de l\u2019\u00e9glise.\u00a0<\/p><h2 style=\"font-variant-ligatures: normal; font-variant-caps: normal; font-style: normal;\">Entretien<\/h2><p>Le jardin des Mouettes et La Cour des Go\u00e9lands : <br \/>Plaques de cuisson \u00e0 induction :<br \/>Les nettoyer uniquement avec des chiffons microfibres humidifi\u00e9es d\u2019eau du robinet et de produit vaisselle.<\/p><p>A la Cour des go\u00e9lands, ne rien jeter dans le WC du 1er \u00e9tage \u00e0 l&rsquo;exception de papier toilette. Le WC est \u00e9quip\u00e9 d&rsquo;un sanibroyeur. Les h\u00e9lices du sanibroyeur se casseraient si toute autre chose \u00e9tait jet\u00e9e dans les toilettes occasionnant des r\u00e9parations \u00e0 la charge du visiteur qui g\u00e9n\u00e8reraient une retenue sur la caution.\u00a0<\/p><h2 style=\"font-variant-ligatures: normal; font-variant-caps: normal; font-style: normal;\">Jardin<\/h2><p>Le jardin des mouettes et La Cour des Go\u00e9lands : <br \/>Merci de le fermer \u00e0 cl\u00e9s lors de vos absences.<\/p><p><span style=\"color: #1e73be; font-family: Atma; font-size: 28px; font-style: normal; font-variant-ligatures: normal; font-variant-caps: normal; font-weight: 600;\">Tous nos g\u00eetes sont non fumeurs<\/span><\/p><p><span style=\"font-size: 16px;\">Tous nos g\u00eetes disposent de jardin ou de cour dans lesquels vous pouvez fumer.<\/span><\/p>\t\t\t\t\t\t\t\t<\/div>\n\t\t\t\t<\/div>\n\t\t\t\t\t<\/div>\n\t\t\t\t<\/div>\n\t\t\t\t<\/div>\n\t\t","protected":false},"excerpt":{"rendered":"<p>Horaires d&rsquo;arriv\u00e9e Le g\u00eete sera pr\u00eat pour 15H00 pour votre arriv\u00e9e. En cas de force majeure (suite \u00e0 une pr\u00e9paration plus cons\u00e9quente du logement suite \u00e0 un m\u00e9nage renforc\u00e9, nous vous inviterons \u00e0 d\u00e9poser vos bagages dans le g\u00eete et nous ferons au plus vite pour que vous puissiez en profiter. Horaires de d\u00e9part Le g\u00eete sera lib\u00e9r\u00e9 pour 10H00 afin qu&rsquo;il puisse \u00eatre pr\u00e9par\u00e9 pour de nouveaux voyageurs. Si le g\u00eete n&rsquo;\u00e9tait pas relou\u00e9 le jour m\u00eame, nous serons heureux de vous permettre d&rsquo;y rester jusqu&rsquo;\u00e0 10H30-11H00. Inventaire Les photos visibles sur ce site sont le reflet de nos g\u00eetes en termes de d\u00e9coration et d&rsquo;\u00e9quipement au moment de votre s\u00e9jour. Tout objet manquant ou cass\u00e9 au moment de votre d\u00e9part sera retenu sur la caution. A votre arriv\u00e9e Si nous ne nous rencontrions pas lors de votre arriv\u00e9e et que vous entriez dans le logement gr\u00e2ce \u00e0 la boite \u00e0 cl\u00e9s, merci de nous pr\u00e9venir de votre arriv\u00e9e par un texto ou un message what&rsquo;s app.\u00a0 Nous contacter Si malgr\u00e9 toute l&rsquo;attention que nous portons \u00e0 nos logements en termes d&rsquo;\u00e9quipement et de propret\u00e9, vous constatiez un probl\u00e8me dans le logement au moment de votre arriv\u00e9e, nous vous remercions de revenir vers nous par t\u00e9l\u00e9phone, texto ou what&rsquo;s app dans les 24 H suivant votre arriv\u00e9e afin de nous tenir inform\u00e9s et que nous puissions r\u00e9soudre cette difficult\u00e9. Le s\u00e9jour fini, aucune remise sur le s\u00e9jour ne sera octroy\u00e9e pour tout souci que aurions pu r\u00e9soudre pendant votre s\u00e9jour.\u00a0 Literie Les lits seront pr\u00e9par\u00e9s selon le nombre indiqu\u00e9 lors de votre r\u00e9servation. Si vous \u00e9tiez plus nombreux au moment de votre arriv\u00e9e, nous vous remercions de nous l&rsquo;indiquer et de nous r\u00e9gler le suppl\u00e9ment selon notre tarification disponible sur notre site.La literie (matelas, oreillers) ne doit en aucun cas \u00eatre utilis\u00e9e sans protections de matelas ni sans draps. Cas contraire et en cas de d\u00e9t\u00e9rioration de la literie, nous nous r\u00e9servons la possibilit\u00e9 d&rsquo;utiliser la caution partielle ou totale selon les cas. Stationnement Le jardin des mouettes : Merci de vous garer \u00e0 l\u2019une des deux places devant le jardin ou plus loin dans la rue ou sur la place de l\u2019\u00e9glise.\u00a0 Entretien Le jardin des Mouettes et La Cour des Go\u00e9lands : Plaques de cuisson \u00e0 induction :Les nettoyer uniquement avec des chiffons microfibres humidifi\u00e9es d\u2019eau du robinet et de produit vaisselle. A la Cour des go\u00e9lands, ne rien jeter dans le WC du 1er \u00e9tage \u00e0 l&rsquo;exception de papier toilette. Le WC est \u00e9quip\u00e9 d&rsquo;un sanibroyeur. Les h\u00e9lices du sanibroyeur se casseraient si toute autre chose \u00e9tait jet\u00e9e dans les toilettes occasionnant des r\u00e9parations \u00e0 la charge du visiteur qui g\u00e9n\u00e8reraient une retenue sur la caution.\u00a0 Jardin Le jardin des mouettes et La Cour des Go\u00e9lands : Merci de le fermer \u00e0 cl\u00e9s lors de vos absences. Tous nos g\u00eetes sont non fumeurs Tous nos g\u00eetes disposent de jardin ou de cour dans lesquels vous pouvez fumer.<\/p>\n","protected":false},"author":4,"featured_media":0,"parent":0,"menu_order":0,"comment_status":"closed","ping_status":"closed","template":"","meta":{"ocean_post_layout":"","ocean_both_sidebars_style":"","ocean_both_sidebars_content_width":0,"ocean_both_sidebars_sidebars_width":0,"ocean_sidebar":"","ocean_second_sidebar":"","ocean_disable_margins":"enable","ocean_add_body_class":"","ocean_shortcode_before_top_bar":"","ocean_shortcode_after_top_bar":"","ocean_shortcode_before_header":"","ocean_shortcode_after_header":"","ocean_has_shortcode":"","ocean_shortcode_after_title":"","ocean_shortcode_before_footer_widgets":"","ocean_shortcode_after_footer_widgets":"","ocean_shortcode_before_footer_bottom":"","ocean_shortcode_after_footer_bottom":"","ocean_display_top_bar":"default","ocean_display_header":"default","ocean_header_style":"","ocean_center_header_left_menu":"","ocean_custom_header_template":"","ocean_custom_logo":0,"ocean_custom_retina_logo":0,"ocean_custom_logo_max_width":0,"ocean_custom_logo_tablet_max_width":0,"ocean_custom_logo_mobile_max_width":0,"ocean_custom_logo_max_height":0,"ocean_custom_logo_tablet_max_height":0,"ocean_custom_logo_mobile_max_height":0,"ocean_header_custom_menu":"","ocean_menu_typo_font_family":"","ocean_menu_typo_font_subset":"","ocean_menu_typo_font_size":0,"ocean_menu_typo_font_size_tablet":0,"ocean_menu_typo_font_size_mobile":0,"ocean_menu_typo_font_size_unit":"px","ocean_menu_typo_font_weight":"","ocean_menu_typo_font_weight_tablet":"","ocean_menu_typo_font_weight_mobile":"","ocean_menu_typo_transform":"","ocean_menu_typo_transform_tablet":"","ocean_menu_typo_transform_mobile":"","ocean_menu_typo_line_height":0,"ocean_menu_typo_line_height_tablet":0,"ocean_menu_typo_line_height_mobile":0,"ocean_menu_typo_line_height_unit":"","ocean_menu_typo_spacing":0,"ocean_menu_typo_spacing_tablet":0,"ocean_menu_typo_spacing_mobile":0,"ocean_menu_typo_spacing_unit":"","ocean_menu_link_color":"","ocean_menu_link_color_hover":"","ocean_menu_link_color_active":"","ocean_menu_link_background":"","ocean_menu_link_hover_background":"","ocean_menu_link_active_background":"","ocean_menu_social_links_bg":"","ocean_menu_social_hover_links_bg":"","ocean_menu_social_links_color":"","ocean_menu_social_hover_links_color":"","ocean_disable_title":"on","ocean_disable_heading":"default","ocean_post_title":"","ocean_post_subheading":"","ocean_post_title_style":"","ocean_post_title_background_color":"","ocean_post_title_background":0,"ocean_post_title_bg_image_position":"","ocean_post_title_bg_image_attachment":"","ocean_post_title_bg_image_repeat":"","ocean_post_title_bg_image_size":"","ocean_post_title_height":0,"ocean_post_title_bg_overlay":0.5,"ocean_post_title_bg_overlay_color":"","ocean_disable_breadcrumbs":"default","ocean_breadcrumbs_color":"","ocean_breadcrumbs_separator_color":"","ocean_breadcrumbs_links_color":"","ocean_breadcrumbs_links_hover_color":"","ocean_display_footer_widgets":"default","ocean_display_footer_bottom":"default","ocean_custom_footer_template":"","footnotes":""},"class_list":["post-4883","page","type-page","status-publish","hentry","entry"],"yoast_head":"<!-- This site is optimized with the Yoast SEO plugin v26.7 - https:\/\/yoast.com\/wordpress\/plugins\/seo\/ -->\n<title>Nos conditions g\u00e9n\u00e9rales G\u00eetes entre 2 rivi\u00e8res<\/title>\n<meta name=\"description\" content=\"Nos conditions g\u00e9n\u00e9rales G\u00eetes entre 2 rivi\u00e8res\" \/>\n<meta name=\"robots\" content=\"index, follow, max-snippet:-1, max-image-preview:large, max-video-preview:-1\" \/>\n<link rel=\"canonical\" href=\"https:\/\/gitesentredeuxrivieres.com\/index.php\/nos-conditions-generales\/\" \/>\n<meta property=\"og:locale\" content=\"fr_FR\" \/>\n<meta property=\"og:type\" content=\"article\" \/>\n<meta property=\"og:title\" content=\"Nos conditions g\u00e9n\u00e9rales G\u00eetes entre 2 rivi\u00e8res\" \/>\n<meta property=\"og:description\" content=\"Nos conditions g\u00e9n\u00e9rales G\u00eetes entre 2 rivi\u00e8res\" \/>\n<meta property=\"og:url\" content=\"https:\/\/gitesentredeuxrivieres.com\/index.php\/nos-conditions-generales\/\" \/>\n<meta property=\"og:site_name\" content=\"G\u00eetes entre 2 rivi\u00e8res\" \/>\n<meta property=\"article:modified_time\" content=\"2026-01-13T20:07:04+00:00\" \/>\n<meta property=\"og:image\" content=\"https:\/\/gitesentredeuxrivieres.com\/wp-content\/uploads\/2024\/12\/cropped-cropped-cropped-IconeGitesEntre2RivieresFondTransparent512_512-1.png\" \/>\n\t<meta property=\"og:image:width\" content=\"512\" \/>\n\t<meta property=\"og:image:height\" content=\"481\" \/>\n\t<meta property=\"og:image:type\" content=\"image\/png\" \/>\n<meta name=\"twitter:card\" content=\"summary_large_image\" \/>\n<meta name=\"twitter:label1\" content=\"Dur\u00e9e de lecture estim\u00e9e\" \/>\n\t<meta name=\"twitter:data1\" content=\"3 minutes\" \/>\n<script type=\"application\/ld+json\" class=\"yoast-schema-graph\">{\"@context\":\"https:\/\/schema.org\",\"@graph\":[{\"@type\":\"WebPage\",\"@id\":\"https:\/\/gitesentredeuxrivieres.com\/index.php\/nos-conditions-generales\/\",\"url\":\"https:\/\/gitesentredeuxrivieres.com\/index.php\/nos-conditions-generales\/\",\"name\":\"Nos conditions g\u00e9n\u00e9rales G\u00eetes entre 2 rivi\u00e8res\",\"isPartOf\":{\"@id\":\"https:\/\/gitesentredeuxrivieres.com\/#website\"},\"datePublished\":\"2025-10-12T22:31:59+00:00\",\"dateModified\":\"2026-01-13T20:07:04+00:00\",\"description\":\"Nos conditions g\u00e9n\u00e9rales G\u00eetes entre 2 rivi\u00e8res\",\"breadcrumb\":{\"@id\":\"https:\/\/gitesentredeuxrivieres.com\/index.php\/nos-conditions-generales\/#breadcrumb\"},\"inLanguage\":\"fr-FR\",\"potentialAction\":[{\"@type\":\"ReadAction\",\"target\":[\"https:\/\/gitesentredeuxrivieres.com\/index.php\/nos-conditions-generales\/\"]}]},{\"@type\":\"BreadcrumbList\",\"@id\":\"https:\/\/gitesentredeuxrivieres.com\/index.php\/nos-conditions-generales\/#breadcrumb\",\"itemListElement\":[{\"@type\":\"ListItem\",\"position\":1,\"name\":\"Accueil\",\"item\":\"https:\/\/gitesentredeuxrivieres.com\/\"},{\"@type\":\"ListItem\",\"position\":2,\"name\":\"Nos conditions g\u00e9n\u00e9rales\"}]},{\"@type\":\"WebSite\",\"@id\":\"https:\/\/gitesentredeuxrivieres.com\/#website\",\"url\":\"https:\/\/gitesentredeuxrivieres.com\/\",\"name\":\"G\u00eetes entre deux rivi\u00e8res\",\"description\":\"Locations meubl\u00e9es Finist\u00e8re\",\"publisher\":{\"@id\":\"https:\/\/gitesentredeuxrivieres.com\/#organization\"},\"alternateName\":\"G\u00eetes entre 2 rivi\u00e8res\",\"potentialAction\":[{\"@type\":\"SearchAction\",\"target\":{\"@type\":\"EntryPoint\",\"urlTemplate\":\"https:\/\/gitesentredeuxrivieres.com\/?s={search_term_string}\"},\"query-input\":{\"@type\":\"PropertyValueSpecification\",\"valueRequired\":true,\"valueName\":\"search_term_string\"}}],\"inLanguage\":\"fr-FR\"},{\"@type\":\"Organization\",\"@id\":\"https:\/\/gitesentredeuxrivieres.com\/#organization\",\"name\":\"G\u00eetes entre deux rivi\u00e8res\",\"alternateName\":\"G\u00eetes entre 2 rivi\u00e8res\",\"url\":\"https:\/\/gitesentredeuxrivieres.com\/\",\"logo\":{\"@type\":\"ImageObject\",\"inLanguage\":\"fr-FR\",\"@id\":\"https:\/\/gitesentredeuxrivieres.com\/#\/schema\/logo\/image\/\",\"url\":\"https:\/\/gitesentredeuxrivieres.com\/wp-content\/uploads\/2024\/12\/cropped-cropped-cropped-IconeGitesEntre2RivieresFondTransparent512_512-1.png\",\"contentUrl\":\"https:\/\/gitesentredeuxrivieres.com\/wp-content\/uploads\/2024\/12\/cropped-cropped-cropped-IconeGitesEntre2RivieresFondTransparent512_512-1.png\",\"width\":512,\"height\":481,\"caption\":\"G\u00eetes entre deux rivi\u00e8res\"},\"image\":{\"@id\":\"https:\/\/gitesentredeuxrivieres.com\/#\/schema\/logo\/image\/\"}}]}<\/script>\n<!-- \/ Yoast SEO plugin. -->","yoast_head_json":{"title":"Nos conditions g\u00e9n\u00e9rales G\u00eetes entre 2 rivi\u00e8res","description":"Nos conditions g\u00e9n\u00e9rales G\u00eetes entre 2 rivi\u00e8res","robots":{"index":"index","follow":"follow","max-snippet":"max-snippet:-1","max-image-preview":"max-image-preview:large","max-video-preview":"max-video-preview:-1"},"canonical":"https:\/\/gitesentredeuxrivieres.com\/index.php\/nos-conditions-generales\/","og_locale":"fr_FR","og_type":"article","og_title":"Nos conditions g\u00e9n\u00e9rales G\u00eetes entre 2 rivi\u00e8res","og_description":"Nos conditions g\u00e9n\u00e9rales G\u00eetes entre 2 rivi\u00e8res","og_url":"https:\/\/gitesentredeuxrivieres.com\/index.php\/nos-conditions-generales\/","og_site_name":"G\u00eetes entre 2 rivi\u00e8res","article_modified_time":"2026-01-13T20:07:04+00:00","og_image":[{"width":512,"height":481,"url":"https:\/\/gitesentredeuxrivieres.com\/wp-content\/uploads\/2024\/12\/cropped-cropped-cropped-IconeGitesEntre2RivieresFondTransparent512_512-1.png","type":"image\/png"}],"twitter_card":"summary_large_image","twitter_misc":{"Dur\u00e9e de lecture estim\u00e9e":"3 minutes"},"schema":{"@context":"https:\/\/schema.org","@graph":[{"@type":"WebPage","@id":"https:\/\/gitesentredeuxrivieres.com\/index.php\/nos-conditions-generales\/","url":"https:\/\/gitesentredeuxrivieres.com\/index.php\/nos-conditions-generales\/","name":"Nos conditions g\u00e9n\u00e9rales G\u00eetes entre 2 rivi\u00e8res","isPartOf":{"@id":"https:\/\/gitesentredeuxrivieres.com\/#website"},"datePublished":"2025-10-12T22:31:59+00:00","dateModified":"2026-01-13T20:07:04+00:00","description":"Nos conditions g\u00e9n\u00e9rales G\u00eetes entre 2 rivi\u00e8res","breadcrumb":{"@id":"https:\/\/gitesentredeuxrivieres.com\/index.php\/nos-conditions-generales\/#breadcrumb"},"inLanguage":"fr-FR","potentialAction":[{"@type":"ReadAction","target":["https:\/\/gitesentredeuxrivieres.com\/index.php\/nos-conditions-generales\/"]}]},{"@type":"BreadcrumbList","@id":"https:\/\/gitesentredeuxrivieres.com\/index.php\/nos-conditions-generales\/#breadcrumb","itemListElement":[{"@type":"ListItem","position":1,"name":"Accueil","item":"https:\/\/gitesentredeuxrivieres.com\/"},{"@type":"ListItem","position":2,"name":"Nos conditions g\u00e9n\u00e9rales"}]},{"@type":"WebSite","@id":"https:\/\/gitesentredeuxrivieres.com\/#website","url":"https:\/\/gitesentredeuxrivieres.com\/","name":"G\u00eetes entre deux rivi\u00e8res","description":"Locations meubl\u00e9es Finist\u00e8re","publisher":{"@id":"https:\/\/gitesentredeuxrivieres.com\/#organization"},"alternateName":"G\u00eetes entre 2 rivi\u00e8res","potentialAction":[{"@type":"SearchAction","target":{"@type":"EntryPoint","urlTemplate":"https:\/\/gitesentredeuxrivieres.com\/?s={search_term_string}"},"query-input":{"@type":"PropertyValueSpecification","valueRequired":true,"valueName":"search_term_string"}}],"inLanguage":"fr-FR"},{"@type":"Organization","@id":"https:\/\/gitesentredeuxrivieres.com\/#organization","name":"G\u00eetes entre deux rivi\u00e8res","alternateName":"G\u00eetes entre 2 rivi\u00e8res","url":"https:\/\/gitesentredeuxrivieres.com\/","logo":{"@type":"ImageObject","inLanguage":"fr-FR","@id":"https:\/\/gitesentredeuxrivieres.com\/#\/schema\/logo\/image\/","url":"https:\/\/gitesentredeuxrivieres.com\/wp-content\/uploads\/2024\/12\/cropped-cropped-cropped-IconeGitesEntre2RivieresFondTransparent512_512-1.png","contentUrl":"https:\/\/gitesentredeuxrivieres.com\/wp-content\/uploads\/2024\/12\/cropped-cropped-cropped-IconeGitesEntre2RivieresFondTransparent512_512-1.png","width":512,"height":481,"caption":"G\u00eetes entre deux rivi\u00e8res"},"image":{"@id":"https:\/\/gitesentredeuxrivieres.com\/#\/schema\/logo\/image\/"}}]}},"_links":{"self":[{"href":"https:\/\/gitesentredeuxrivieres.com\/index.php\/wp-json\/wp\/v2\/pages\/4883","targetHints":{"allow":["GET"]}}],"collection":[{"href":"https:\/\/gitesentredeuxrivieres.com\/index.php\/wp-json\/wp\/v2\/pages"}],"about":[{"href":"https:\/\/gitesentredeuxrivieres.com\/index.php\/wp-json\/wp\/v2\/types\/page"}],"author":[{"embeddable":true,"href":"https:\/\/gitesentredeuxrivieres.com\/index.php\/wp-json\/wp\/v2\/users\/4"}],"replies":[{"embeddable":true,"href":"https:\/\/gitesentredeuxrivieres.com\/index.php\/wp-json\/wp\/v2\/comments?post=4883"}],"version-history":[{"count":35,"href":"https:\/\/gitesentredeuxrivieres.com\/index.php\/wp-json\/wp\/v2\/pages\/4883\/revisions"}],"predecessor-version":[{"id":5848,"href":"https:\/\/gitesentredeuxrivieres.com\/index.php\/wp-json\/wp\/v2\/pages\/4883\/revisions\/5848"}],"wp:attachment":[{"href":"https:\/\/gitesentredeuxrivieres.com\/index.php\/wp-json\/wp\/v2\/media?parent=4883"}],"curies":[{"name":"wp","href":"https:\/\/api.w.org\/{rel}","templated":true}]}}